{"id":1430,"date":"2022-09-09T10:41:14","date_gmt":"2022-09-09T10:41:14","guid":{"rendered":"https:\/\/p631074.webspaceconfig.de\/?page_id=1430"},"modified":"2023-03-23T10:49:52","modified_gmt":"2023-03-23T10:49:52","slug":"terms-and-conditions","status":"publish","type":"page","link":"https:\/\/soundandgo.com\/en\/terms-and-conditions\/","title":{"rendered":"Terms, Conditions &#038; Legal Info"},"content":{"rendered":"\t\t<div data-elementor-type=\"wp-page\" data-elementor-id=\"1430\" class=\"elementor elementor-1430 elementor-1144\" data-elementor-post-type=\"page\">\n\t\t\t\t\t\t<section class=\"elementor-section elementor-top-section elementor-element elementor-element-5d16fdc elementor-section-boxed elementor-section-height-default elementor-section-height-default\" data-id=\"5d16fdc\" data-element_type=\"section\" data-e-type=\"section\">\n\t\t\t\t\t\t<div class=\"elementor-container elementor-column-gap-default\">\n\t\t\t\t\t<div class=\"elementor-column elementor-col-100 elementor-top-column elementor-element elementor-element-60f3c9a\" data-id=\"60f3c9a\" data-element_type=\"column\" data-e-type=\"column\">\n\t\t\t<div class=\"elementor-widget-wrap elementor-element-populated\">\n\t\t\t\t\t\t<div class=\"elementor-element elementor-element-bbe27b3 elementor-widget elementor-widget-heading\" data-id=\"bbe27b3\" data-element_type=\"widget\" data-e-type=\"widget\" data-widget_type=\"heading.default\">\n\t\t\t\t<div class=\"elementor-widget-container\">\n\t\t\t\t\t<h2 class=\"elementor-heading-title elementor-size-default\">Legal Information<\/h2>\t\t\t\t<\/div>\n\t\t\t\t<\/div>\n\t\t\t\t<div class=\"elementor-element elementor-element-b881435 elementor-widget elementor-widget-spacer\" data-id=\"b881435\" data-element_type=\"widget\" data-e-type=\"widget\" data-widget_type=\"spacer.default\">\n\t\t\t\t<div class=\"elementor-widget-container\">\n\t\t\t\t\t\t\t<div class=\"elementor-spacer\">\n\t\t\t<div class=\"elementor-spacer-inner\"><\/div>\n\t\t<\/div>\n\t\t\t\t\t\t<\/div>\n\t\t\t\t<\/div>\n\t\t\t\t<div class=\"elementor-element elementor-element-4e5671e elementor-widget elementor-widget-text-editor\" data-id=\"4e5671e\" data-element_type=\"widget\" data-e-type=\"widget\" data-widget_type=\"text-editor.default\">\n\t\t\t\t<div class=\"elementor-widget-container\">\n\t\t\t\t\t\t\t\t\t<p>Johann Kristin K\u00f6hnen und Fabian Matzen &#8211; soundandgo GBR<\/p><p>Legienstra\u00dfe 12<\/p><p>51063 K\u00f6ln<\/p><p>Germany<\/p><p>Managing Director: Johann Kristin K\u00f6hnen and Fabian Matzen<\/p><p>Telephone number: +491771706102<br \/>Email address:\u00a0info@soundandgo.com<\/p><p>\u00a0<\/p><p>VAT identification number: DE 353 726 533<\/p><p>Responsible for content: Johann Kristin K\u00f6hnen and Fabian Matzen, address as above.<\/p><p>European Commission consumer platform for Online Dispute Resolution (ODR): https:\/\/ec.europa.eu\/consumers\/odr\/. We are neither willing nor obliged to participate in dispute resolution proceedings in front of a consumer arbitration board.<\/p><p>\u00a0<\/p>\t\t\t\t\t\t\t\t<\/div>\n\t\t\t\t<\/div>\n\t\t\t\t\t<\/div>\n\t\t<\/div>\n\t\t\t\t\t<\/div>\n\t\t<\/section>\n\t\t\t\t<section class=\"elementor-section elementor-top-section elementor-element elementor-element-0a67eea elementor-section-boxed elementor-section-height-default elementor-section-height-default\" data-id=\"0a67eea\" data-element_type=\"section\" data-e-type=\"section\">\n\t\t\t\t\t\t<div class=\"elementor-container elementor-column-gap-default\">\n\t\t\t\t\t<div class=\"elementor-column elementor-col-100 elementor-top-column elementor-element elementor-element-2db1931\" data-id=\"2db1931\" data-element_type=\"column\" data-e-type=\"column\">\n\t\t\t<div class=\"elementor-widget-wrap elementor-element-populated\">\n\t\t\t\t\t\t<div class=\"elementor-element elementor-element-0677224 elementor-widget elementor-widget-spacer\" data-id=\"0677224\" data-element_type=\"widget\" data-e-type=\"widget\" data-widget_type=\"spacer.default\">\n\t\t\t\t<div class=\"elementor-widget-container\">\n\t\t\t\t\t\t\t<div class=\"elementor-spacer\">\n\t\t\t<div class=\"elementor-spacer-inner\"><\/div>\n\t\t<\/div>\n\t\t\t\t\t\t<\/div>\n\t\t\t\t<\/div>\n\t\t\t\t<div class=\"elementor-element elementor-element-111c045 elementor-widget elementor-widget-text-editor\" data-id=\"111c045\" data-element_type=\"widget\" data-e-type=\"widget\" data-widget_type=\"text-editor.default\">\n\t\t\t\t<div class=\"elementor-widget-container\">\n\t\t\t\t\t\t\t\t\t<h1><b>General Terms\u00a0of Sale<\/b><\/h1><h2><b>\u00a7 1<br \/><\/b><b>Introduction \u2013 Applicability &#8211; Definitions<\/b><\/h2><ol><li>Our Terms of Sale apply to all our offers for downloading or streaming of digital products.<\/li><li>Consumer within the meaning of \u00a7 13 BGB is every natural person who enters into a legal transaction for purposes which cannot be attributed to their trade, business or profession.<\/li><li>Entrepreneur within the meaning of \u00a7 14 BGB is a natural or legal person or a partnership with legal personality who or which, when entering into a legal transaction, acts in exercise of their trade, business or profession.<\/li><\/ol><p>\u00a0<\/p><h2><b>\u00a7 2<br \/><\/b><b>Offer \u2013 Conclusion of Contract<\/b><\/h2><ol><li>The sales contract will be concluded with Johann Kristin K\u00f6hnen und Fabian Matzen GBR soundandgo, Legienstra\u00dfe 12, 51063 K\u00f6ln, Germany.<\/li><li>The contract can be concluded on our website.<\/li><li>The customer may first place the digital products into the shopping cart without commitment and provide their information for the conclusion of the contract. The customer may change the products in the shopping cart and their information at any time by using the provided navigational buttons.<\/li><li>If a contract is concluded on our website, the customer makes a binding offer to enter into a contract by clicking on the \u201cPay Now\u201c or a similar button on our website. The contract is then concluded by us making the download available; at the same time, the customer will receive an e-mail with these Terms and Conditions and the cancellation instructions attached in text form.<\/li><li>The contractual language is German.<\/li><li>We will keep and store a written contract. We will not store contracts concluded on our website.<\/li><\/ol><p>\u00a0<\/p><h2><b>\u00a7 3<br \/><\/b><b>Prices \u2013 Payment Terms \u2013 Payment Methods<\/b><\/h2><ol><li>Unless otherwise agreed, all prices include VAT.<\/li><li>If the customer is in default with the payment, we have the statutory rights, especially those pursuant to \u00a7 288 BGB. Customers\u00a0are advised that they will be in default of payment no later than 30 days after receiving the invoice.<\/li><li>The customer may choose between the following payment methods:<\/li><\/ol><ul><li>PayPal, in which case the payment will be made according to the agreement between the customer and PayPal; further information can be found in the terms and conditions of PayPal.<\/li><li>Apple Pay, in which case the payment will be made according to the agreement between the customer and Apple Pay; further information can be found in the terms and conditions of Apple Pay.<\/li><li>Google Pay, in which case the payment will be made according to the agreement between the customer and Google Pay; further information can be found in the terms and conditions of Google Pay.<\/li><li>Credit card, in which case the billing will occur after we will have accepted the contract.<\/li><li>Immediate bank transfer, in which case the transfer will be made to our account immediately. In this case, customers require the same data as for their online banking. The details will be provided in the dialogue for carrying out the immediate bank transfer.<\/li><\/ul><ol><li>If a return debit by the customer causes fees, the customer has to pay these fees if the customer bears the responsibility for it, meaning that it was not justified.<\/li><\/ol><p>\u00a0<\/p><h2><b>\u00a7 4<br \/><\/b><b>Delivery<\/b><\/h2><p>(1) The contractual products will be made available to the customer for downloading in the format indicated on the website.<\/p><p>(2) If the download does not work, we ask you to contact us via the contact form on the contact page or write us an email at the address provided on the contact page.<\/p><p>(3) The digital products will be stored on our outbound server in the file format presented by us and will be made ready to be downloaded or will be streamed from our outbound server. It&#8217;s up to the customers to retrieve the digital products from our outbound server in the file format offered by us; we are not liable for the customer&#8217;s or the general internet.<\/p><p>\u00a0<\/p><h2><b>\u00a7 5<br \/><\/b><b>Cancellation \u2013 Cancellation Form<\/b><\/h2><p>(1)\u00a0Consumers within the meaning of \u00a7 13 BGB have a right of cancellation. Consumer is every natural person who enters into a legal transaction for purposes which cannot be attributed to their trade, business or profession.<\/p><p>(2)\u00a0Please note: If you have asked us to provide the services immediately and we have informed you that this voids the right of cancellation, the subsequent right of cancellation will become void as soon as you have access to the download.<\/p><h3><b>Right of Cancellation<\/b><\/h3><p>You have the right to withdraw from this contract within fourteen days without providing reasons. The 14 days are counted from the day of the conclusion of the contract.<\/p><p>To exercise the right of cancellation, you must inform us,\u00a0Johann Kristin K\u00f6hnen und Fabian Matzen GBR soundandgo, Legienstra\u00dfe 12 51063 K\u00f6ln,\u00a0Germany, e-mail: info@ssoundandgo.com, unequivocally about the decision to withdraw from this contract (for example by letter or e-mail). For that purpose, you may but don&#8217;t have to use the attached standard withdrawal form.<\/p><p>The cancellation notice is deemed to have been issued in due time if you mail off the notice about exercising the right to withdrawal before the end of the deadline.<\/p><h3><b>Consequences of the cancellation<\/b><\/h3><p>If you withdraw from this contract, we must refund all payments, which we have received from you, without delay and no later than fourteen days from the day on which we have received the cancellation notice for this contract. For the refund, we will use the same payment method that you used for the original transaction, unless otherwise and explicitly agreed with you. In neither case will we charge you any fees in connection with this refund.\u00a0<\/p><h3><b>Standard withdrawal form<\/b><\/h3><p>(If you want to withdraw from this contract, please fill out this form and send it back to us.)<\/p><ul><li>To\u00a0Johann Kristin K\u00f6hnen und Fabian Matzen GBR soundandgo, Legienstra\u00dfe 12 51063 K\u00f6ln,\u00a0Germany, e-mail: info@ssoundandgo.com<\/li><li>Hereby I\/we (*) withdraw from the contract that I\/we (*) have concluded for the purchase of the following products<\/li><li>Ordered on (*) \/ received on (*)<\/li><li>Name of the customer(s)<\/li><li>Address of the customer(s)<\/li><li>Signature of the customer(s) (Only for written notifications)<\/li><li>Date<\/li><\/ul><p>(*) Please cross of what is not applicable.\u00a0<\/p><p>\u00a0<\/p><h3><b>\u00a7 6<br \/><\/b><b>Rights in Case of Defects &#8211; Statute of Limitations<\/b><\/h3><ol><li>We shall be liable for defects in accordance with the statutory law on liability for defects.<\/li><\/ol><p>\u00a0<\/p><h2><b>\u00a7 7<br \/><\/b><b>Licenses<\/b><\/h2><p>(1) Customers receive a simple license to use the contractual products for the contractual purpose.<\/p><p>This includes processing and connecting the digital product with other works and using the outcome for private and commercial purposes. Customers do not have the right to copy or distribute the product before their own processing.<\/p><p>(2) Customers have no obligation to mention the owner of the copyright, but shall not pretend that they created the digital product themselves.<\/p><p>\u00a0<\/p><h2><b>\u00a7 8<br \/><\/b><b>Data Protection<\/b><\/h2><p>(1) For the contract, contractual data are collected in accordance with Art. 6 para. 1 (b) GDPR (for example name, address and e-mail address, possibly also services used and all other electronically or for the purpose of storage transmitted data, which are required for the performance of the contract), insofar as they are required for the conclusion, negotiation or amendment of a contract.<\/p><p>(2) The contractual data will only be passed on to third parties insofar as it is necessary to perform the contract (in accordance with Art. 6 para. 1 (b) GDPR), for the overwhelming interest in an effective performance (in accordance with Art. 6 para. 1 (f) GDPR) or if consent has been given (in accordance with Art. 6 para. 1 (a) GDPR) or if there is another statutory permission. The data will not be passed on to a country outside of the EU, unless the EU Commission has determined a similar level of data protection as in the EU, consent has been provided or standard contractual provisions have been agreed with the third-party provider.<\/p><p>(3) Concerned individuals may at any time and free of charge request information about the personal data stored about them. They may at any time request that incorrect data be corrected (also by way of adding information) as well as the limitation of the processing of their data, or even the deletion of their data. This applies in particular if the reason for the data processing no longer exists, if a required consent has been withdrawn and there is no other legal basis, or if the data processing is illegal. The personal data will then be corrected, blocked or deleted without delay and according to statutory requirements. It is always possible to withdraw the consent for the processing of personal data which had been given previously. This may be done without any formal requirements, for example by e-mail. The withdrawal has no effect on the legality of the data processing carried out up to that point. There is a right to request the transfer of the contractual data in machine-readable form. In the case of a suspected violation of rights by the data processing, a complaint may be filed with the competent supervisory authority.<\/p><p>(4) The data will generally only remain stored as long as the purpose of the respective data processing calls for it. Storage beyond that time is possible if it is necessary to pursue legal claims or for legitimate interests or in cases of a statutory obligation to store the data for longer (for example tax-law requirements to maintain records, statute of limitations).<\/p><p>\u00a0<\/p><h2><b>\u00a7 9<br \/><\/b><b>Disputes \u2013 Dispute Resolution<\/b><\/h2><ol><li>Online dispute resolution in accordance with Art. 14 para. 1 ODR Regulation: The European Commission provides a platform for online dispute resolution (ODR), which you can find at\u00a0<a href=\"http:\/\/ec.europa.eu\/consumers\/odr\/\" target=\"_blank\" rel=\"noopener\">http:\/\/ec.europa.eu\/consumers\/odr\/<\/a>\u00a0.<\/li><li>If the customer is an entrepreneur, jurisdiction lies with the court at our registered seat of business. We do however also have the right to sue customers at the court in whose district their domicile or business address is.<\/li><\/ol>\t\t\t\t\t\t\t\t<\/div>\n\t\t\t\t<\/div>\n\t\t\t\t\t<\/div>\n\t\t<\/div>\n\t\t\t\t\t<\/div>\n\t\t<\/section>\n\t\t\t\t<\/div>\n\t\t","protected":false},"excerpt":{"rendered":"<p>Legal Information Johann Kristin K\u00f6hnen und Fabian Matzen &#8211; soundandgo GBR Legienstra\u00dfe 12 51063 K\u00f6ln Germany Managing Director: Johann Kristin K\u00f6hnen and Fabian Matzen Telephone number: +491771706102 Email address:\u00a0info@soundandgo.com VAT identification number: DE 353 726 533 Responsible for content: Johann Kristin K\u00f6hnen and Fabian Matzen, address as above. European Commission consumer platform for Online Dispute [&hellip;]<\/p>\n","protected":false},"author":1,"featured_media":0,"parent":0,"menu_order":0,"comment_status":"closed","ping_status":"closed","template":"","meta":{"site-sidebar-layout":"no-sidebar","site-content-layout":"page-builder","ast-site-content-layout":"default","site-content-style":"default","site-sidebar-style":"default","ast-global-header-display":"","ast-banner-title-visibility":"","ast-main-header-display":"","ast-hfb-above-header-display":"","ast-hfb-below-header-display":"","ast-hfb-mobile-header-display":"","site-post-title":"disabled","ast-breadcrumbs-content":"","ast-featured-img":"disabled","footer-sml-layout":"","ast-disable-related-posts":"","theme-transparent-header-meta":"default","adv-header-id-meta":"","stick-header-meta":"","header-above-stick-meta":"","header-main-stick-meta":"","header-below-stick-meta":"","astra-migrate-meta-layouts":"default","ast-page-background-enabled":"default","ast-page-background-meta":{"desktop":{"background-color":"var(--ast-global-color-4)","background-image":"","background-repeat":"repeat","background-position":"center center","background-size":"auto","background-attachment":"scroll","background-type":"","background-media":"","overlay-type":"","overlay-color":"","overlay-opacity":"","overlay-gradient":""},"tablet":{"background-color":"","background-image":"","background-repeat":"repeat","background-position":"center center","background-size":"auto","background-attachment":"scroll","background-type":"","background-media":"","overlay-type":"","overlay-color":"","overlay-opacity":"","overlay-gradient":""},"mobile":{"background-color":"","background-image":"","background-repeat":"repeat","background-position":"center center","background-size":"auto","background-attachment":"scroll","background-type":"","background-media":"","overlay-type":"","overlay-color":"","overlay-opacity":"","overlay-gradient":""}},"ast-content-background-meta":{"desktop":{"background-color":"var(--ast-global-color-5)","background-image":"","background-repeat":"repeat","background-position":"center center","background-size":"auto","background-attachment":"scroll","background-type":"","background-media":"","overlay-type":"","overlay-color":"","overlay-opacity":"","overlay-gradient":""},"tablet":{"background-color":"var(--ast-global-color-5)","background-image":"","background-repeat":"repeat","background-position":"center center","background-size":"auto","background-attachment":"scroll","background-type":"","background-media":"","overlay-type":"","overlay-color":"","overlay-opacity":"","overlay-gradient":""},"mobile":{"background-color":"var(--ast-global-color-5)","background-image":"","background-repeat":"repeat","background-position":"center center","background-size":"auto","background-attachment":"scroll","background-type":"","background-media":"","overlay-type":"","overlay-color":"","overlay-opacity":"","overlay-gradient":""}},"iawp_total_views":24,"footnotes":""},"class_list":["post-1430","page","type-page","status-publish","hentry"],"_links":{"self":[{"href":"https:\/\/soundandgo.com\/en\/wp-json\/wp\/v2\/pages\/1430","targetHints":{"allow":["GET"]}}],"collection":[{"href":"https:\/\/soundandgo.com\/en\/wp-json\/wp\/v2\/pages"}],"about":[{"href":"https:\/\/soundandgo.com\/en\/wp-json\/wp\/v2\/types\/page"}],"author":[{"embeddable":true,"href":"https:\/\/soundandgo.com\/en\/wp-json\/wp\/v2\/users\/1"}],"replies":[{"embeddable":true,"href":"https:\/\/soundandgo.com\/en\/wp-json\/wp\/v2\/comments?post=1430"}],"version-history":[{"count":0,"href":"https:\/\/soundandgo.com\/en\/wp-json\/wp\/v2\/pages\/1430\/revisions"}],"wp:attachment":[{"href":"https:\/\/soundandgo.com\/en\/wp-json\/wp\/v2\/media?parent=1430"}],"curies":[{"name":"wp","href":"https:\/\/api.w.org\/{rel}","templated":true}]}}